{"id":45,"date":"2022-09-26T05:14:36","date_gmt":"2022-09-26T05:14:36","guid":{"rendered":"http:\/\/new.wikzenekar.hu\/?page_id=45"},"modified":"2025-05-11T19:42:19","modified_gmt":"2025-05-11T18:42:19","slug":"elerhetosegeink","status":"publish","type":"page","link":"https:\/\/www.wikzenekar.hu\/?page_id=45","title":{"rendered":"El\u00e9rhet\u0151s\u00e9geink"},"content":{"rendered":"<div class=\"wp-block-image is-style-rounded\">\r\n<figure class=\"aligncenter size-full is-resized\"><img loading=\"lazy\" decoding=\"async\" src=\"http:\/\/new.wikzenekar.hu\/wp-content\/uploads\/2022\/09\/Screenshot-2022-09-06-132516.png\" alt=\"\" class=\"wp-image-27\" width=\"348\" height=\"234\"\/><\/figure>\r\n<\/div>\r\n\r\n<p style=\"text-align: center;\">Velczenbach Istv\u00e1n<\/p>\r\n<p style=\"text-align: center;\">Mobil: <strong>06 30 904 &#8211; 7431<\/strong><\/p>\r\n<p style=\"text-align: center;\">Mobil: <strong>06 30 641 &#8211; 1083<\/strong><\/p>\r\n<p style=\"text-align: center;\">Email: <span id=\"cloak5d9ecc6dd2ee35242cc9057ba925f04a\"><a href=\"mailto:info@wikzenekar.hu\">info [kukac] wikzenekar.hu<\/a><\/span><\/p>\r\n<p style=\"text-align: center;\"><a href=\"https:\/\/www.facebook.com\/wikzenekar\"><img loading=\"lazy\" decoding=\"async\" class=\"alignnone  wp-image-140\" src=\"http:\/\/new.wikzenekar.hu\/wp-content\/uploads\/2022\/09\/fblogo.png\" alt=\"\" width=\"58\" height=\"59\" \/><\/a><\/p>\r\n<p style=\"text-align: center;\"><a href=\"https:\/\/www.facebook.com\/wikzenekar\">Facebook oldalunk<\/a><\/p>\r\n<p style=\"text-align: center;\"><a href=\"https:\/\/www.youtube.com\/user\/vacsilla1\"><img loading=\"lazy\" decoding=\"async\" class=\"alignnone  wp-image-141\" src=\"http:\/\/new.wikzenekar.hu\/wp-content\/uploads\/2022\/09\/Youtube-Icon-2000x2000-1.png\" alt=\"\" width=\"63\" height=\"45\" \/><\/a><\/p>\r\n<p style=\"text-align: center;\"><a href=\"https:\/\/www.youtube.com\/user\/vacsilla1\">Youtube oldalunk<\/a><\/p>\r\n\r\n<div class=\"wp-block-image\">\r\n<figure class=\"aligncenter size-large is-resized\"><a href=\"https:\/\/www.tiktok.com\/@wikzene\"><img loading=\"lazy\" decoding=\"async\" src=\"https:\/\/p16-sign-useast2a.tiktokcdn.com\/tos-useast2a-avt-0068-euttp\/02d5ec0dfc343c3bd42b2116a0f3f282~tplv-tiktokx-cropcenter:1080:1080.jpeg?dr=10399&#038;refresh_token=21f237ad&#038;x-expires=1747159200&#038;x-signature=Uxc2IbuR9uJlYDFdcqqr6lRVViY%3D&#038;t=4d5b0474&#038;ps=13740610&#038;shp=a5d48078&#038;shcp=81f88b70&#038;idc=no1a\" alt=\"\" class=\"wp-image-241\" width=\"93\" height=\"93\"\/><\/a><\/figure>\r\n<\/div>\r\n<p style=\"text-align: center;\"><a href=\"https:\/\/www.tiktok.com\/@wikzene\">TIKTOK<\/a><\/p>\r\n\r\n<div class=\"wp-block-image is-style-rounded\">\r\n<figure class=\"aligncenter size-full\"><img loading=\"lazy\" decoding=\"async\" width=\"182\" height=\"169\" src=\"http:\/\/new.wikzenekar.hu\/wp-content\/uploads\/2022\/09\/33__1143573450_180.jpg\" alt=\"\" class=\"wp-image-133\"\/><\/figure>\r\n<\/div>","protected":false},"excerpt":{"rendered":"<p>Velczenbach Istv\u00e1n Mobil: 06 30 904 &#8211; 7431 Mobil: 06 30 641 &#8211; 1083 Email: [&hellip;]<\/p>\n","protected":false},"author":1,"featured_media":0,"parent":0,"menu_order":0,"comment_status":"closed","ping_status":"closed","template":"","meta":{"footnotes":""},"class_list":["post-45","page","type-page","status-publish","hentry"],"_links":{"self":[{"href":"https:\/\/www.wikzenekar.hu\/index.php?rest_route=\/wp\/v2\/pages\/45","targetHints":{"allow":["GET"]}}],"collection":[{"href":"https:\/\/www.wikzenekar.hu\/index.php?rest_route=\/wp\/v2\/pages"}],"about":[{"href":"https:\/\/www.wikzenekar.hu\/index.php?rest_route=\/wp\/v2\/types\/page"}],"author":[{"embeddable":true,"href":"https:\/\/www.wikzenekar.hu\/index.php?rest_route=\/wp\/v2\/users\/1"}],"replies":[{"embeddable":true,"href":"https:\/\/www.wikzenekar.hu\/index.php?rest_route=%2Fwp%2Fv2%2Fcomments&post=45"}],"version-history":[{"count":13,"href":"https:\/\/www.wikzenekar.hu\/index.php?rest_route=\/wp\/v2\/pages\/45\/revisions"}],"predecessor-version":[{"id":348,"href":"https:\/\/www.wikzenekar.hu\/index.php?rest_route=\/wp\/v2\/pages\/45\/revisions\/348"}],"wp:attachment":[{"href":"https:\/\/www.wikzenekar.hu\/index.php?rest_route=%2Fwp%2Fv2%2Fmedia&parent=45"}],"curies":[{"name":"wp","href":"https:\/\/api.w.org\/{rel}","templated":true}]}}