{"id":37,"date":"2022-09-26T05:02:21","date_gmt":"2022-09-26T05:02:21","guid":{"rendered":"http:\/\/new.wikzenekar.hu\/?page_id=37"},"modified":"2022-09-26T05:02:21","modified_gmt":"2022-09-26T05:02:21","slug":"repertoarunk","status":"publish","type":"page","link":"https:\/\/www.wikzenekar.hu\/?page_id=37","title":{"rendered":"Reperto\u00e1runk"},"content":{"rendered":"\n<p><strong>Reperto\u00e1runk enn\u00e9l sokkal sz\u00e9lesk\u00f6r\u0171bb, az al\u00e1bbi lista csup\u00e1n egy kis \u00edzel\u00edt\u0151<\/strong><br><br><strong>Magyar dalok:<\/strong><br><br>Apostol: Homokv\u00e1r, Ma este felmegyek.., Elad\u00f3 kiad\u00f3, Nem tudok \u00e9lni n\u00e9lk\u00fcled stb.<br>Auth Csilla: \u00c9rz\u00e9s, R\u00e1d v\u00e1rok, Szerelem az esetem, Vigy\u00e9l el<br>Bal\u00e1zs Feco: Kev\u00e9s voltam neked, Volt id\u0151,&nbsp; stb.<br>Balk\u00e1n Fanatik: M\u00e9zes hetek, Kom\u00e1masszony kakasa, R-go Egy alacsony f\u00e9rfi<br>Bagossy Brothers Company: Olyan \u0150<br>Bang\u00f3 Margit: Halk zene sz\u00f3l az \u00e9jszak\u00e1ban<br>BayAlex: Kedvesem<br>Beatrice: 8 \u00f3ra munka, Azok a boldog sz\u00e9p napok<br>Bergendy: Csengess be hozz\u00e1m<br>Bikini: Fagyi, R\u00e9szegen ki visz haza, Miel\u0151tt v\u00e9gleg elmegyek, Veri az \u00e9let, Adj helyet magad mellett, K\u00f6zeli helyeken&#8230;<br>Budapest b\u00e1r: Rumba d\u00f6nt\u00f6get romba,&nbsp;Ezt a nagy szerelmet&#8230;<br>Charlie: Lehettem volna, Mindenki valaki\u00e9, Az l\u00e9gy aki vagy, Porsche szerelem<br>Cig\u00e1nyzen\u00e9k, cs\u00e1rd\u00e1sok, kering\u0151k<br>Color: F\u00e9ltelek<br>Cserh\u00e1ti Zsuzsa: Porsche szerelem, K\u00fcl\u00f6n\u00f6s szilveszter, Besame mucho, \u00c9n leszek, Kicsi gyere velem, I Love you baby,&nbsp;\u00c1rva fi\u00fa<br>Dank\u00f3 Szilvi: Nincsen kocsim<br>Demj\u00e9n: Szerelemvonat, Iskolat\u00e1ska, Szerelem els\u0151 v\u00e9rig<br>Desperado: Gyere \u00e9s \u00e1lmodj, T\u00e1ncolj<br>Dolly: Vak\u00e1ci\u00f3, Meghalok ha r\u00e1m n\u00e9zel, Szt\u00e1r volt Lolly Pop, Elpattant egy h\u00far<br>Edda: K\u00e9t forintos dal, A k\u00f6r k\u00f6zep\u00e9n \u00e1llok, Elhagyom a v\u00e1rost stb.<br>\u00c9der Gabee: Baylando<br>Fiesta: Hasta Manana, Bonita, Angelina, Hola mi amor<br>Flipper \u00d6csi: Tedd a sz\u00edvedre a kezed, Bossanova Senorita, Gina, Arrivedercsi<br>G\u00e1yer B\u00e1lint: Bomba<br>Grop and Swing: Volt m\u00e1r jobb napom<br>Hal\u00e1sz Judit:Boldog sz\u00fclet\u00e9snapot, VUK<br>Ham Ko Ham: B\u00e1rmerre j\u00e1rsz, Ellopt\u00e1k a biciklim<br>Heaven Street Seven: D\u00e9l Amerika, Hol van az a kr\u00e9szi sr\u00e1c, \u00c9jszaka<br>Henna: Elh\u00fazatom, Gyere \u00e9s \u00e9nekelj stb.<br>Hevesi: Pocsoly\u00e1ba l\u00e9ptem, H\u00fasz \u00e9v m\u00falva<br>Honeybeast: Maradok, Legnagyobb h\u0151s, Egyed\u00fcl<br>Hung\u00e1ria: Csavard fel a sz\u0151nyeget,&nbsp; Utcab\u00e1l, Cs\u00f3kkir\u00e1ly, Hej rolly rolly, Cs\u00f3k a csal\u00e1dnak, Micsoda buli, Gyere Juli,&nbsp;Meccset n\u00e9zek, Hazug a sz\u00edve, Limb\u00f3 Hint\u00f3<br>Ill\u00e9s egy\u00fcttes: Az Utc\u00e1n, Oh kisle\u00e1ny, K\u00e9gli dal, Ne gondold, \u00d3 \u00e9nekelj kisle\u00e1ny, Mondd,hogy nem haragszol r\u00e1m,eme<br>Intim Torna Illeg\u00e1l: Hipnotiz\u0151rkir\u00e1ly<br>Jolly: Csepereg az es\u0151<br>Kar\u00e1di Katalin: Hamvad\u00f3 Cigarettav\u00e9g<br>Kelemen Kab\u00e1tban: \u00daton<br>Kering\u0151k: F\u00e1j\u00f3 sz\u00edvvel, Majd \u00e9jf\u00e9l ut\u00e1n, Gyertyaf\u00e9ny, P\u00e1rizsban sz\u00e9p a ny\u00e1r, B\u00e1rhogy lesz, Last Walz, Trink,stb.<br>Kft.: Afrika<br>Kis Grofo: No roxa,&nbsp; Mert a n\u00e9z\u00e9s\u00e9t, Las Vegas, Bella Chao, Mammy Blue,<br>Kisp\u00e1l \u00e9s a borz: Emese<br>K\u00f3lok: Hopp\u00e1 cupp\u00e1, Pingvin t\u00e1nc, stb.<br>Kom\u00e1r L\u00e1szl\u00f3:&nbsp; Alfa Romeo, Tal\u00e1n egy perc alatt, S\u00e1rga Villamos, H\u00fasz \u00e9v m\u00falva, Halv\u00e1ny k\u00e9k szemek stb.<br>Kom\u00e1r:&nbsp; Pesti Giggolo, Bonasera, Moliendo Cafe, Cumbachero<br>Koncz Zsuzsa: Andr\u00e9,&nbsp; Hej t\u00fck\u00f6r, A kir\u00e1ly\u00e9 nem leszek<br>Ko\u00f3s J\u00e1nos:&nbsp; \u00c9n, aki n\u00e1la j\u00e1rtam, Kisl\u00e1ny a zongor\u00e1n\u00e1l , V\u00e1rtam r\u00e1d stb.<br>Korda-Bal\u00e1zs Kl\u00e1ri dalok, Lady N, Rept\u00e9r, stb.<br>Kov\u00e1cs Erzsi:&nbsp; Don\u00e1t \u00fati orgon\u00e1k, Engem nem lehet elfelejeteni,<br>Kov\u00e1cs Kati: Menetjegy, Ha legk\u00f6zelebb l\u00e1tlak, A r\u00e9gi h\u00e1z k\u00f6r\u00fcl, Hull a h\u00f3 a k\u00e9kl\u0151 hegyeken, \u00c9n sohasem b\u00facs\u00fazom, \u00dagy szeretn\u00e9m megh\u00e1l\u00e1lni<br>Magna Cum Laude: P\u00e1linka dal, Vid\u00e9ki Sanzon<br>Malek Andrea: Sway<br>M\u00e1t\u00e9 P\u00e9ter: Zene n\u00e9lk\u00fcl mit \u00e9rek \u00e9n,&nbsp; Kell, hogy v\u00e1rj, Az\u00e9rt vannak a j\u00f3 bar\u00e1tok, Hozz\u00e1m tartozol, Ott \u00e1llsz az \u00fat v\u00e9g\u00e9n stb.<br>Mc H.:&nbsp; Nika Seperimeno<br>Meccset n\u00e9zek\u2026 Hazug a sz\u00edve\u2026, Limb\u00f3 Hint\u00f3<br>Mohamed Fatima: Ragyog a sz\u00edvem, mint a nap<br>N\u00e1d a h\u00e1zam teteje\u2026<br>N\u00e9meth&nbsp;Juci: Sz\u00edvemben bomba van,&nbsp;Csak cha cha cha<br>N\u00e9met polk\u00e1k: Schwiegermutter,&nbsp; Frau Meier hat gelbe unter&#8230;Tante Mizzi, Sej haj Rozi,&nbsp; stb.<br>Neoton: Szeret vagy nem szeret, Santa Maria, Ny\u00e1r van, stb. Don Quijote, Ha Szombat este t\u00e1ncol<br>N\u00f3t\u00e1r Mary: Ecc pecc, Any\u00f3s dal stb.<br>Ocho Macho: J\u00f3 nekem<br>Omega: Petroleum l\u00e1mpa, R\u00e9gi csib\u00e9szek, Ha \u00e9n sz\u00e9l lehetn\u00e9k, Gy\u00f6ngyhaj\u00fa l\u00e1ny<br>PASO: Hello Gagarin, Elhagytam magam, Hungarian dish<br>P\u00e1yer A.: V\u00e1rtam r\u00e1d, \u00d6sszecsend\u00fcl k\u00e9t poh\u00e1r<br>P\u00e9terfy Bori: A nagy sz\u00edvb\u0171v\u00f6l\u0151, Hajolj bele a hajamba, V\u00e1mp\u00edr<br>Piramis: Aj\u00e1nd\u00e9k,&nbsp; Sz\u00e1llj fel magasra<br>Quimby: Ajjajjaj, \u00datraval\u00f3, Most m\u00falik, Aut\u00f3 egy szerpentinen<br>Republic: Sz\u00e1llj el kismad\u00e1r, Szeretni valakit, valami\u00e9rt, 67-es \u00fat, Ha itt lenn\u00e9l velem,&nbsp;S\u00f3 \u00e9s cukor,&nbsp;Ha itt lenn\u00e9l velem, 16 tonna fekete sz\u00e9n<br>R-go: Ciao Marina, Szeretlek is meg nem is, Alacsony f\u00e9rfi<br>R\u00fazsa Magdi: Szerelem, G\u00e1briel, Vigy\u00e1zz a mad\u00e1rra, Most \u00e9lsz<br>S\u00e1rosi Kati: Ugye te is akarod, Meg\u00e1ll az id\u0151,&nbsp;Szeretni kell<br>Shocking Blue: Venus<br>Sugarloaf: Hunny Bunny, Hajnalig m\u00e9g van id\u0151, Barbie<br>Szandi: Tin\u00e9dzser lamour, \u00c1lmodoz\u00e1s, Ne nah nah nah, Volare, Viva Espana<br>Szenes Iv\u00e1n&nbsp;dalai:&nbsp;K\u00fcl\u00f6n\u00f6s \u00e9jszaka, Kicsit szomork\u00e1s a hangulatom, Reszket a hold, J\u00f3 az \u00e1lmodoz\u00e1s, Lehozn\u00e1m n\u00e9ked a csillagokat., \u00c9n mindenkiben csal\u00f3dtam, Egy es\u0151s vas\u00e1rnap d\u00e9lut\u00e1n, Szeretni kell ennyi az eg\u00e9sz, Odavagyok mag\u00e1\u00e9rt, Meseaut\u00f3, Szeretni bolondul\u00e1sig, stb.<br>Sz\u00e9csi P\u00e1l dalok: Harangvir\u00e1g, Karolina, Szereted-e m\u00e9g, \u00c9n mindenkiben csal\u00f3dtam, Gedeon b\u00e1csi stb.<br>Szekeres Adrienn: Olyan, mint te, Kik\u00f6t\u0151k, H\u00edd a foly\u00f3t<br>Sz\u0171cs Judit: T\u00e1ncolj m\u00e9g<br>Tankcsapda: \u00d6r\u00f6kk\u00e9 tart<br>TNT sz\u00e1mok: Kicsi Gesztenye, stb.<br>T\u00f3th Vera: Sorsker\u00e9k,<br>United: V\u00e9gs\u0151 vallom\u00e1s<br>\u00dcll\u0151i \u00dati Fuck: Esk\u00fcv\u0151<br>V\u00e1radi Roma Cafe: Utazzunk, Elrohann\u00e9k, B\u00e1rhol j\u00e1rsz, J\u00f3, hogy vagy, Te vagy az a n\u0151, Autumn<br>Varga Viktor: Lehet z\u00f6ld az \u00e9g<br>Venus: Add nekem a tested<br>Zalatnay: Mindig kell egy bar\u00e1t, T\u00f6lcs\u00e9rt csin\u00e1lok, \u00d3 mister alkohol<br>Z\u00e1rai M\u00e1rta: Homok\u00f3ra, J\u00f3 az \u00e1lmodoz\u00e1s, Tatab\u00e1nyai l\u00e1ny, Reszket a hold a t\u00f3 viz\u00e9n, S\u00e9tahaj\u00f3<br>Zolt\u00e1n Erika: Szerelemre sz\u00fclettem<br>Zs\u00e9da: Fekete r\u00fazs<br>3+2 egy\u00fcttes feldolgozott dalai<br>R\u00e9gi magyar mulat\u00f3sok:&nbsp;Majd ha n\u00e9kem sok p\u00e9nzem lesz, H\u00fazz\u00e1tok cig\u00e1nyok, 100 Ft-nak 50 a fele, stb., valamint cig\u00e1ny zen\u00e9k, B\u00f3di Guszti, Jolly&amp;Suzy, Henna, N\u00f3t\u00e1r, Kaczor, Kadlott<br>Sv\u00e1b polk\u00e1k, cepedlik, kering\u0151k<br>K\u00f3l\u00f3k<br>Foxok<\/p>\n\n\n\n<p><br><br><strong>K\u00fclf\u00f6ldi sz\u00e1mok:<\/strong><br><br>ABBA: Waterloo, I do do do, Hasta Manana, Honey-honey stb.<br>Alvaro Soler: Sofia<br>Amy Macdonald: This is The Life<br>Bangles: Eternal Flame<br>Beatles: Obladi-oblada, All My Loving, Rock and Roll Music, My Lord<br>Black: Wonderlife<br>Blondie: Call Me, On Way, Sunday Girl<br>Bob Marley: Sunsihine reggea<br>Boney M: Babilon, stb.<br>Bony Taylor: Sz\u00edvf\u00e1jdalom<br>Brotherhood Of Man: Save Your Kisses For Me<br>Carl Douglas: Kung Fu Fighting<br>Connie Francis: Siboney<br>Creedens sz\u00e1mok: Bad Moon Rising, Yellow River<br>Culture Club: Karma Chameleon<br>Dire Straits: Sultan, Walk of life<br>Dynamics: Mademoiselle Ninette<br>Elthon John: Crokodil Rock<br>Eros Ramazzotti: Fuoco nel fuoco<br>Frank Sinatra: Csod\u00e1latos vil\u00e1g<br>Goombay Dance Band: Sun of Jamaica<br>Guns N&#8217; Roses: Sweet\u2026<br>Hot Chocholate: You sexy thing<br>Irene Cara: What a Feeling<br>Madonna: La Isla Bonita<br>Melanie Fiona: Monday Morning<br>Michael Telo: Nossa<br>Mike Jackson: Heal the world<br>Olasz dalok: Quando, Im\u00e1dok \u00fatra kelni, Come Pr\u00edma, Soli<br>Opus: Life is Life, Jetaime<br>Osibisa: Sunshine Day, I Just Called To Say I Love You<br>Ottavan: Hands up, Taka taka, Ne nah nah nah<br>Rednex: Cotton Eye Joe<br>Ricchi E Poveri: Cosa Sei, Mamma Maria, Made In Italy<br>Robbie Williams &#8211; Nicole Kidman: Something Stupid<br>Santana zen\u00e9k<br>Saragossa Band: Agadou, Beautiful Sunday<br>Scott McKenzie: San Francisco<br>Shadows zen\u00e9k<br>Shakin Stevens: Oh Julie<br>Smokie: Al\u00edz,&nbsp;Egym\u00e1sba gabalyodva<br>Soulful Dynamics: Mademoiselle Ninette<br>The Champs: Tequila<br>Uriah Heap: Lady in Black<\/p>\n\n\n\n<p><strong>&nbsp;Magyar mulat\u00f3sok:<\/strong><\/p>\n\n\n\n<p>&#8211; Majd ha n\u00e9kem sok p\u00e9nzem lesz,<\/p>\n\n\n\n<p>&#8211; N\u00e1d a h\u00e1zam teteje,<\/p>\n\n\n\n<p>&#8211; H\u00fazz\u00e1tok cig\u00e1nyok<\/p>\n\n\n\n<p>&#8211; Lakodalom van a mi utc\u00e1nkban&#8230;<\/p>\n\n\n\n<p>&#8211; Ezekkel a sof\u0151r\u00f6kkel baj van<\/p>\n\n\n\n<p>&#8211; V\u00f6r\u00f6sbort ittam az este<\/p>\n\n\n\n<p>&#8211; Sz\u00e1z forintnak \u00f6tven a fele<\/p>\n\n\n\n<p>&#8211; Az a sz\u00e9p, akinek a szeme k\u00e9k<\/p>\n\n\n\n<p>&#8211; Balaton k\u00f6zepe<\/p>\n\n\n\n<p>&#8211; Vettem a kuty\u00e1mnak egy sz\u00e1jkosarat<\/p>\n\n\n\n<p>&#8211; A szegedi csik\u00f3s<\/p>\n\n\n\n<p>&#8211; Hej ribizli<\/p>\n\n\n\n<p>&#8211; Piros lett a pipacs vir\u00e1ga<\/p>\n\n\n\n<p>&#8211; Add ide a didit<\/p>\n\n\n\n<p>&#8211; Utolj\u00e1ra k\u00fcld\u00f6m neked<\/p>\n\n\n\n<p>&#8211; Kombin\u00e9<\/p>\n\n\n\n<p>&#8211; Kilenc kis g\u00f3lya<\/p>\n\n\n\n<p>&#8211; A bab\u00e1m fekete roma l\u00e1ny<\/p>\n\n\n\n<p>&#8211; Piros lett a paradicsom nem s\u00e1rga<\/p>\n\n\n\n<p>&#8211; Hej csiga biga<\/p>\n\n\n\n<p>&#8211; Gyere t\u00e1ncolj cig\u00e1nyl\u00e1ny<\/p>\n\n\n\n<p>&#8211; Hossz\u00fa fekete haj<\/p>\n\n\n\n<p>&#8211; Bubamara<\/p>\n\n\n\n<p>&#8211; Hej rig\u00f3, rig\u00f3<\/p>\n\n\n\n<p>&#8211; H\u00e1zasodni akarok<\/p>\n\n\n\n<p>&#8211; Sej haj Rozika<\/p>\n\n\n\n<p>&#8211; Aranyes\u0151<\/p>\n\n\n\n<p>&#8211; A r\u00e9gi m\u00e1ni\u00e1m<\/p>\n\n\n\n<p>&#8211; Budapesten hagytam \u00e9n a sz\u00edvem<\/p>\n\n\n\n<p>&#8211; Horv\u00e1th kertben<\/p>\n\n\n\n<p>&#8211; Esztike tike<\/p>\n\n\n\n<p>&#8211; Hallod-e Rozika te<\/p>\n\n\n\n<p>&#8211; Lenn a d\u00e9lib\u00e1bos hortob\u00e1gyon<\/p>\n\n\n\n<p>&#8211; \u00d3h egy kis cs\u00f3k<\/p>\n\n\n\n<p>&#8211; J\u00e1nos legyen<\/p>\n\n\n\n<p>&#8211; Elment a Lidi n\u00e9ni<\/p>\n\n\n\n<p>&#8211; J\u00f3zska&nbsp;<\/p>\n\n\n\n<p>&#8211; Lent a Dorozsmai hat\u00e1rban<\/p>\n\n\n\n<p>&#8211; Egerv\u00e1rosa<\/p>\n\n\n\n<p>&#8211; Kukor\u00e9kol m\u00e1r a kakas<\/p>\n\n\n\n<p>&#8211; S\u00e1rgul m\u00e1r a kukoricasz\u00e1r<\/p>\n\n\n\n<p>&#8211; S\u00e1rga a csik\u00f3m<\/p>\n\n\n\n<p>&#8211; Ha az asszony veszekszik<\/p>\n\n\n\n<p>&#8211; S\u00e1rgar\u00e9zb\u0151l van a pipa&#8230;.<\/p>\n\n\n\n<p>&#8211; Hej, te dunna dunna<\/p>\n\n\n\n<p>&#8211; Debrecenbe k\u00e9ne menni<\/p>\n\n\n\n<p>&#8211; A rag alatt faragnak az \u00e1csok<\/p>\n\n\n\n<p>&#8211; Fekete zsindelyes,<\/p>\n\n\n\n<p>&#8211; S\u00e1rga a csik\u00f3m,&nbsp;<\/p>\n\n\n\n<p>&#8211; Jaj, de nagyon r\u00e9gen volt, de sok\u00e1 lesz<\/p>\n\n\n\n<p>&#8211; K\u00e9s\u0151 minden kis\u00f6reg<\/p>\n\n\n\n<p>&#8211; B\u00e1rmi n\u00e1lunk bab\u00e1m<\/p>\n\n\n\n<p>&#8211; Az a rendes iparos,<\/p>\n\n\n\n<p>&#8211; T\u00fal a t\u00e1voli h\u00f3mez\u0151n&nbsp;<\/p>\n\n\n\n<p>&#8211; Kicsiny falum,<\/p>\n\n\n\n<p>&#8211; A F\u00fcredi Annab\u00e1lon stb&#8230;..<\/p>\n\n\n\n<p>&#8211; N\u00f3t\u00e1r Mary, Henna, Jolly&amp;Suzy, Kis Grof\u00f3, Kaczor, M\u00e1ri\u00f3,&nbsp; stb.<\/p>\n\n\n\n<p>&#8211; Hallgat\u00f3k:<\/p>\n\n\n\n<p>&#8211; Ak\u00e1cos \u00fat,&nbsp;<\/p>\n\n\n\n<p>&#8211; K\u00e9k ne felejts,<\/p>\n\n\n\n<p>&#8211; Asszony lesz a l\u00e1nyb\u00f3l<\/p>\n\n\n\n<p>&#8211; Nem tudom az \u00e9letemet<\/p>\n\n\n\n<p>&#8211; Kicsi feh\u00e9r meszelt szoba<\/p>\n\n\n\n<p>&#8211; Van egy sz\u0151ke asszony<\/p>\n\n\n\n<p>&#8211; A v\u00e9n cig\u00e1ny stb&#8230;&#8230;<\/p>\n","protected":false},"excerpt":{"rendered":"<p>Reperto\u00e1runk enn\u00e9l sokkal sz\u00e9lesk\u00f6r\u0171bb, az al\u00e1bbi lista csup\u00e1n egy kis \u00edzel\u00edt\u0151 Magyar dalok: Apostol: Homokv\u00e1r, [&hellip;]<\/p>\n","protected":false},"author":1,"featured_media":0,"parent":0,"menu_order":0,"comment_status":"closed","ping_status":"closed","template":"","meta":{"footnotes":""},"class_list":["post-37","page","type-page","status-publish","hentry"],"_links":{"self":[{"href":"https:\/\/www.wikzenekar.hu\/index.php?rest_route=\/wp\/v2\/pages\/37","targetHints":{"allow":["GET"]}}],"collection":[{"href":"https:\/\/www.wikzenekar.hu\/index.php?rest_route=\/wp\/v2\/pages"}],"about":[{"href":"https:\/\/www.wikzenekar.hu\/index.php?rest_route=\/wp\/v2\/types\/page"}],"author":[{"embeddable":true,"href":"https:\/\/www.wikzenekar.hu\/index.php?rest_route=\/wp\/v2\/users\/1"}],"replies":[{"embeddable":true,"href":"https:\/\/www.wikzenekar.hu\/index.php?rest_route=%2Fwp%2Fv2%2Fcomments&post=37"}],"version-history":[{"count":1,"href":"https:\/\/www.wikzenekar.hu\/index.php?rest_route=\/wp\/v2\/pages\/37\/revisions"}],"predecessor-version":[{"id":38,"href":"https:\/\/www.wikzenekar.hu\/index.php?rest_route=\/wp\/v2\/pages\/37\/revisions\/38"}],"wp:attachment":[{"href":"https:\/\/www.wikzenekar.hu\/index.php?rest_route=%2Fwp%2Fv2%2Fmedia&parent=37"}],"curies":[{"name":"wp","href":"https:\/\/api.w.org\/{rel}","templated":true}]}}