{"id":34,"date":"2022-09-26T05:01:15","date_gmt":"2022-09-26T05:01:15","guid":{"rendered":"http:\/\/new.wikzenekar.hu\/?page_id=34"},"modified":"2024-09-03T16:56:12","modified_gmt":"2024-09-03T15:56:12","slug":"szolgaltatasok","status":"publish","type":"page","link":"https:\/\/www.wikzenekar.hu\/?page_id=34","title":{"rendered":"Szolg\u00e1ltat\u00e1sok"},"content":{"rendered":"\r\n<div class=\"wp-block-group\"><div class=\"wp-block-group__inner-container is-layout-flow wp-block-group-is-layout-flow\">\r\n<h4 style=\"color:SlateBlue; text-align: left;\">Ha fergeteges hangulatot szeretn\u00e9l lakodalmakon \u00e9s egy\u00e9b rendezv\u00e9nyeken,<br>h\u00edvd a WIK Zenekart!<\/h4>\r\n\r\n\r\n\r\n<h4 style=\"color:SlateBlue; text-align: left;\">2-6 taggal, lakodalmakon ig\u00e9ny szerint utcai f\u00fav\u00f3s k\u00eds\u00e9rettel zen\u00e9l\u00fcnk.<\/h4>\r\n\r\n\r\n\r\n<h4 style=\"color:SlateBlue; text-align: left;\">M\u0171k\u00f6d\u00e9si ter\u00fclet\u00fcnk az eg\u00e9sz orsz\u00e1g ter\u00fclet\u00e9re kiterjed.<\/h4>\r\n\r\n\r\n\r\n<h4 style=\"color:SlateBlue; text-align: left;\">Zenei st\u00edlusunk igen sz\u00e9lesk\u00f6r\u0171, reperto\u00e1runkban szerepelnek a r\u00e9gi legnagyobb \u00f6r\u00f6kz\u00f6ld sl\u00e1gerek, szalonzen\u00e9k \u00e9s napjaink modern zen\u00e9i is.<\/h4>\r\n<\/div><\/div>\r\n\r\n\r\n\r\n<figure class=\"wp-block-gallery has-nested-images columns-default is-cropped wp-block-gallery-1 is-layout-flex wp-block-gallery-is-layout-flex\">\r\n<figure class=\"wp-block-image size-large\"><img loading=\"lazy\" decoding=\"async\" width=\"2592\" height=\"1936\" data-id=\"110\" src=\"http:\/\/new.wikzenekar.hu\/wp-content\/uploads\/2022\/09\/45CC643A-4B8A-43AC-A310-D263D1907530.jpg\" alt=\"\" class=\"wp-image-110\"\/><\/figure>\r\n\r\n\r\n\r\n<figure class=\"wp-block-image size-large\"><img loading=\"lazy\" decoding=\"async\" width=\"907\" height=\"680\" data-id=\"111\" src=\"http:\/\/new.wikzenekar.hu\/wp-content\/uploads\/2022\/09\/img_41322.jpg\" alt=\"\" class=\"wp-image-111\"\/><\/figure>\r\n<\/figure>\r\n","protected":false},"excerpt":{"rendered":"<p>Ha fergeteges hangulatot szeretn\u00e9l lakodalmakon \u00e9s egy\u00e9b rendezv\u00e9nyeken,h\u00edvd a WIK Zenekart! 2-6 taggal, lakodalmakon ig\u00e9ny [&hellip;]<\/p>\n","protected":false},"author":1,"featured_media":0,"parent":0,"menu_order":0,"comment_status":"closed","ping_status":"closed","template":"","meta":{"footnotes":""},"class_list":["post-34","page","type-page","status-publish","hentry"],"_links":{"self":[{"href":"https:\/\/www.wikzenekar.hu\/index.php?rest_route=\/wp\/v2\/pages\/34","targetHints":{"allow":["GET"]}}],"collection":[{"href":"https:\/\/www.wikzenekar.hu\/index.php?rest_route=\/wp\/v2\/pages"}],"about":[{"href":"https:\/\/www.wikzenekar.hu\/index.php?rest_route=\/wp\/v2\/types\/page"}],"author":[{"embeddable":true,"href":"https:\/\/www.wikzenekar.hu\/index.php?rest_route=\/wp\/v2\/users\/1"}],"replies":[{"embeddable":true,"href":"https:\/\/www.wikzenekar.hu\/index.php?rest_route=%2Fwp%2Fv2%2Fcomments&post=34"}],"version-history":[{"count":12,"href":"https:\/\/www.wikzenekar.hu\/index.php?rest_route=\/wp\/v2\/pages\/34\/revisions"}],"predecessor-version":[{"id":337,"href":"https:\/\/www.wikzenekar.hu\/index.php?rest_route=\/wp\/v2\/pages\/34\/revisions\/337"}],"wp:attachment":[{"href":"https:\/\/www.wikzenekar.hu\/index.php?rest_route=%2Fwp%2Fv2%2Fmedia&parent=34"}],"curies":[{"name":"wp","href":"https:\/\/api.w.org\/{rel}","templated":true}]}}