{"id":22,"date":"2022-09-25T21:20:55","date_gmt":"2022-09-25T21:20:55","guid":{"rendered":"http:\/\/new.wikzenekar.hu\/?page_id=22"},"modified":"2022-09-26T12:10:58","modified_gmt":"2022-09-26T10:10:58","slug":"magunkrol","status":"publish","type":"page","link":"https:\/\/www.wikzenekar.hu\/?page_id=22","title":{"rendered":"Magunkr\u00f3l"},"content":{"rendered":"\n<div class=\"wp-block-media-text is-stacked-on-mobile\"><figure class=\"wp-block-media-text__media\"><img loading=\"lazy\" decoding=\"async\" width=\"1790\" height=\"1452\" src=\"http:\/\/new.wikzenekar.hu\/wp-content\/uploads\/2022\/09\/37550496_2053462934685277_8335100588756828160_n.jpg\" alt=\"\" class=\"wp-image-19 size-full\"\/><\/figure><div class=\"wp-block-media-text__content\">\n<h4 style=\"color:SlateBlue; text-align: left;\">Sok \u00e9ves vend\u00e9gl\u00e1t\u00f3i zen\u00e9sz m\u00falttal rendelkez\u00fcnk. M\u00e1r gyerekkorunk \u00f3ta egy\u00fctt zen\u00e9l\u00fcnk. Eleinte \u00f6t tag\u00fa volt a zenekarunk, csapatunk jelenleg 3 f\u0151b\u0151l \u00e1ll, de tudjuk cs\u00f6kkenteni, \u00e9s b\u0151v\u00edteni is a tagok sz\u00e1m\u00e1t ig\u00e9ny szerint. Hang- \u00e9s f\u00e9nytechnik\u00e1val is rendelkez\u00fcnk.<\/h4>\n\n\n\n<figure class=\"wp-block-image size-full is-resized\"><img loading=\"lazy\" decoding=\"async\" src=\"http:\/\/new.wikzenekar.hu\/wp-content\/uploads\/2022\/09\/wiklogo_crop.png\" alt=\"\" class=\"wp-image-221\" width=\"349\" height=\"178\"\/><\/figure>\n<\/div><\/div>\n","protected":false},"excerpt":{"rendered":"","protected":false},"author":1,"featured_media":0,"parent":0,"menu_order":0,"comment_status":"closed","ping_status":"closed","template":"","meta":{"footnotes":""},"class_list":["post-22","page","type-page","status-publish","hentry"],"_links":{"self":[{"href":"https:\/\/www.wikzenekar.hu\/index.php?rest_route=\/wp\/v2\/pages\/22","targetHints":{"allow":["GET"]}}],"collection":[{"href":"https:\/\/www.wikzenekar.hu\/index.php?rest_route=\/wp\/v2\/pages"}],"about":[{"href":"https:\/\/www.wikzenekar.hu\/index.php?rest_route=\/wp\/v2\/types\/page"}],"author":[{"embeddable":true,"href":"https:\/\/www.wikzenekar.hu\/index.php?rest_route=\/wp\/v2\/users\/1"}],"replies":[{"embeddable":true,"href":"https:\/\/www.wikzenekar.hu\/index.php?rest_route=%2Fwp%2Fv2%2Fcomments&post=22"}],"version-history":[{"count":13,"href":"https:\/\/www.wikzenekar.hu\/index.php?rest_route=\/wp\/v2\/pages\/22\/revisions"}],"predecessor-version":[{"id":229,"href":"https:\/\/www.wikzenekar.hu\/index.php?rest_route=\/wp\/v2\/pages\/22\/revisions\/229"}],"wp:attachment":[{"href":"https:\/\/www.wikzenekar.hu\/index.php?rest_route=%2Fwp%2Fv2%2Fmedia&parent=22"}],"curies":[{"name":"wp","href":"https:\/\/api.w.org\/{rel}","templated":true}]}}